{"id":10735,"date":"2021-08-09T10:07:38","date_gmt":"2021-08-09T10:07:38","guid":{"rendered":"https:\/\/excelcargo.gr\/blog-en\/"},"modified":"2025-07-17T07:39:56","modified_gmt":"2025-07-17T07:39:56","slug":"blog","status":"publish","type":"page","link":"https:\/\/excelcargo.gr\/tr\/blog\/","title":{"rendered":"Excel&#8217;e sorun"},"content":{"rendered":"\t\t<div data-elementor-type=\"wp-page\" data-elementor-id=\"10735\" class=\"elementor elementor-10735 elementor-2863\">\n\t\t\t\t\t\t<section class=\"elementor-section elementor-top-section elementor-element elementor-element-c5a92b5 elementor-section-full_width elementor-section-height-default elementor-section-height-default qodef-elementor-content-no\" data-id=\"c5a92b5\" data-element_type=\"section\">\n\t\t\t\t\t\t<div class=\"elementor-container elementor-column-gap-default\">\n\t\t\t\t\t<div class=\"elementor-column elementor-col-100 elementor-top-column elementor-element elementor-element-f52cb4f\" data-id=\"f52cb4f\" data-element_type=\"column\">\n\t\t\t<div class=\"elementor-widget-wrap elementor-element-populated\">\n\t\t\t\t\t\t<section class=\"elementor-section elementor-inner-section elementor-element elementor-element-1b2573a elementor-section-full_width elementor-section-height-default elementor-section-height-default qodef-elementor-content-no\" data-id=\"1b2573a\" data-element_type=\"section\">\n\t\t\t\t\t\t<div class=\"elementor-container elementor-column-gap-default\">\n\t\t\t\t\t<div class=\"elementor-column elementor-col-100 elementor-inner-column elementor-element elementor-element-5e170ae\" data-id=\"5e170ae\" data-element_type=\"column\">\n\t\t\t<div class=\"elementor-widget-wrap elementor-element-populated\">\n\t\t\t\t\t\t<div class=\"elementor-element elementor-element-be1111d elementor-widget elementor-widget-globefarer_core_blog_list\" data-id=\"be1111d\" data-element_type=\"widget\" data-widget_type=\"globefarer_core_blog_list.default\">\n\t\t\t\t<div class=\"elementor-widget-container\">\n\t\t\t<div class=\"qodef-shortcode qodef-m  qodef-blog qodef-item-layout--info-on-image qodef-hover-animation--no qodef-grid qodef-layout--columns  qodef-gutter--normal qodef-col-num--3 qodef-item-layout--info-on-image qodef-pagination--on qodef-pagination-type--standard qodef-responsive--predefined\" data-options=\"{&quot;plugin&quot;:&quot;globefarer_core&quot;,&quot;module&quot;:&quot;blog\\\/shortcodes&quot;,&quot;shortcode&quot;:&quot;blog-list&quot;,&quot;post_type&quot;:&quot;post&quot;,&quot;next_page&quot;:&quot;2&quot;,&quot;max_pages_num&quot;:1,&quot;behavior&quot;:&quot;columns&quot;,&quot;images_proportion&quot;:&quot;globefarer_core_image_size_square&quot;,&quot;columns&quot;:&quot;3&quot;,&quot;columns_responsive&quot;:&quot;predefined&quot;,&quot;space&quot;:&quot;normal&quot;,&quot;posts_per_page&quot;:&quot;9&quot;,&quot;orderby&quot;:&quot;date&quot;,&quot;order&quot;:&quot;DESC&quot;,&quot;layout&quot;:&quot;info-on-image&quot;,&quot;title_tag&quot;:&quot;h4&quot;,&quot;button_text&quot;:&quot;Devam\\u0131n\\u0131 oku&quot;,&quot;hover_animation&quot;:&quot;no&quot;,&quot;pagination_type&quot;:&quot;standard&quot;,&quot;object_class_name&quot;:&quot;GlobeFarerCore_Blog_List_Shortcode&quot;,&quot;taxonomy_filter&quot;:&quot;category&quot;,&quot;space_value&quot;:15}\">\n\t\t<div class=\"qodef-grid-inner clear\">\n\t\t<article class=\"qodef-e qodef-blog-item qodef-grid-item qodef-item--square post-10715 post type-post status-publish format-standard has-post-thumbnail hentry category--tr\">\n\t<div class=\"qodef-e-inner\">\n\t\t<div class=\"qodef-e-media\">\n\t\t<div class=\"qodef-e-media-image qodef--background\" style=\"background-image: url( https:\/\/excelcargo.gr\/wp-content\/uploads\/2025\/07\/trucks-in-the-distribution-hub-2025-01-07-22-14-11-utc-1-650x650.jpg)\">\n\t\t<img fetchpriority=\"high\" decoding=\"async\" width=\"650\" height=\"650\" src=\"https:\/\/excelcargo.gr\/wp-content\/uploads\/2025\/07\/trucks-in-the-distribution-hub-2025-01-07-22-14-11-utc-1-650x650.jpg\" class=\"attachment-globefarer_core_image_size_square size-globefarer_core_image_size_square wp-post-image\" alt=\"Uluslararas\u0131 ta\u015f\u0131mac\u0131l\u0131k orta\u011f\u0131 se\u00e7erken sadece bir hizmet de\u011fil \u2014 ayn\u0131 zamanda g\u00fcvenilirlik, tutarl\u0131l\u0131k ve emniyet se\u00e7iyorsunuz.\" srcset=\"https:\/\/excelcargo.gr\/wp-content\/uploads\/2025\/07\/trucks-in-the-distribution-hub-2025-01-07-22-14-11-utc-1-650x650.jpg 650w, https:\/\/excelcargo.gr\/wp-content\/uploads\/2025\/07\/trucks-in-the-distribution-hub-2025-01-07-22-14-11-utc-1-150x150.jpg 150w\" sizes=\"(max-width: 650px) 100vw, 650px\" \/>\t<\/div>\n<\/div>\n\t\t<div class=\"qodef-e-content qodef--initial\">\n\t\t\t<div class=\"qodef-e-top-holder\">\n\t\t\t\t<div class=\"qodef-e-info\">\n\t\t\t\t\t<a href=\"https:\/\/excelcargo.gr\/tr\/category\/%ce%bd%ce%ad%ce%b1-tr\/\" rel=\"tag\">Haberler<\/a><div class=\"qodef-info-separator-end\"><\/div>\t\t\t\t<\/div>\n\t\t\t<\/div>\n\t\t\t<div class=\"qodef-e-text\">\n\t\t\t\t<h4 itemprop=\"name\" class=\"qodef-e-title entry-title\" >\n\t<a itemprop=\"url\" class=\"qodef-e-title-link\" href=\"https:\/\/excelcargo.gr\/tr\/choosing-a-logistics-partner-isnt-just-about-transport-its-about-reliability-consistency-and-security\/\">\n\t\tUluslararas\u0131 ta\u015f\u0131mac\u0131l\u0131k orta\u011f\u0131 se\u00e7erken sadece bir hizmet de\u011fil \u2014 ayn\u0131 zamanda g\u00fcvenilirlik, tutarl\u0131l\u0131k ve emniyet se\u00e7iyorsunuz.\t<\/a>\n<\/h4>\n\t\t\t<\/div>\n\t\t<\/div>\n\t\t<div class=\"qodef-e-content qodef--hover\">\n\t\t\t<div class=\"qodef-e-text\">\n\t\t\t\t<h3 itemprop=\"name\" class=\"qodef-e-title entry-title\" >\n\t<a itemprop=\"url\" class=\"qodef-e-title-link\" href=\"https:\/\/excelcargo.gr\/tr\/choosing-a-logistics-partner-isnt-just-about-transport-its-about-reliability-consistency-and-security\/\">\n\t\tUluslararas\u0131 ta\u015f\u0131mac\u0131l\u0131k orta\u011f\u0131 se\u00e7erken sadece bir hizmet de\u011fil \u2014 ayn\u0131 zamanda g\u00fcvenilirlik, tutarl\u0131l\u0131k ve emniyet se\u00e7iyorsunuz.\t<\/a>\n<\/h3>\n\t\t<p itemprop=\"description\" class=\"qodef-e-excerpt\">Do\u011fru lojistik stratejisi, i\u015fletmenizin rekabet g\u00fcc\u00fcn\u00fc \u00f6nemli \u00f6l\u00e7\u00fcde art\u0131rabilir. Nelere dikkat edilmeli: S\u0131n\u0131r \u00f6tesi ta\u015f\u0131mac\u0131l\u0131kta deneyim U\u00e7tan uca hizmetler: d<\/p>\n\t\t\t\t\t<\/div>\n\t\t\t<div class=\"qodef-e-bottom-holder\">\n\t\t\t\t\t\t<div class=\"qodef-e-read-more\">\n\t\t<a class=\"qodef-shortcode qodef-m  qodef-button qodef-layout--textual  qodef-html--link\" href=\"https:\/\/excelcargo.gr\/tr\/choosing-a-logistics-partner-isnt-just-about-transport-its-about-reliability-consistency-and-security\/\" target=\"_self\"  >\t\t\t<span class=\"qodef-m-button-icon\"><svg class=\"qodef-svg--plus\" xmlns=\"http:\/\/www.w3.org\/2000\/svg\" xmlns:xlink=\"http:\/\/www.w3.org\/1999\/xlink\" width=\"14\" height=\"14\" viewBox=\"0 0 14 14\"><path class=\"qodef-m-horizontal\" d=\"M0,0H14V2H0Z\" transform=\"translate(0 6)\" \/><path class=\"qodef-m-vertical\" d=\"M0,0H2V14H0Z\" transform=\"translate(6)\" \/><\/svg><\/span>\t\t\t\t<span class=\"qodef-m-button-text\">Devam\u0131n\u0131 oku<\/span>\t<\/a>\t<\/div>\n\t\t\t<\/div>\n            <a itemprop=\"url\" class=\"qodef-e-post-link\" href=\"https:\/\/excelcargo.gr\/tr\/choosing-a-logistics-partner-isnt-just-about-transport-its-about-reliability-consistency-and-security\/\"><\/a>\t\t<\/div>\n\t<\/div>\n<\/article>\n\t<\/div>\n\t<\/div>\n\t\t<\/div>\n\t\t\t\t<\/div>\n\t\t\t\t\t<\/div>\n\t\t<\/div>\n\t\t\t\t\t<\/div>\n\t\t<\/section>\n\t\t\t\t\t<\/div>\n\t\t<\/div>\n\t\t\t\t\t<\/div>\n\t\t<\/section>\n\t\t\t\t<\/div>\n\t\t","protected":false},"excerpt":{"rendered":"<p>\u039d\u03ad\u03b1 Uluslararas\u0131 ta\u015f\u0131mac\u0131l\u0131k orta\u011f\u0131 se\u00e7erken sadece bir hizmet de\u011fil \u2014 ayn\u0131 zamanda g\u00fcvenilirlik, tutarl\u0131l\u0131k ve emniyet se\u00e7iyorsunuz. Uluslararas\u0131 ta\u015f\u0131mac\u0131l\u0131k orta\u011f\u0131 se\u00e7erken sadece bir hizmet de\u011fil \u2014 ayn\u0131 zamanda g\u00fcvenilirlik, tutarl\u0131l\u0131k ve emniyet se\u00e7iyorsunuz. Do\u011fru lojistik stratejisi, i\u015fletmenizin rekabet g\u00fcc\u00fcn\u00fc \u00f6nemli \u00f6l\u00e7\u00fcde art\u0131rabilir. Nelere dikkat edilmeli: S\u0131n\u0131r \u00f6tesi ta\u015f\u0131mac\u0131l\u0131kta deneyim U\u00e7tan uca hizmetler: d Devam\u0131n\u0131 oku<\/p>\n","protected":false},"author":1,"featured_media":0,"parent":0,"menu_order":0,"comment_status":"closed","ping_status":"closed","template":"page-full-width.php","meta":{"footnotes":""},"_links":{"self":[{"href":"https:\/\/excelcargo.gr\/tr\/wp-json\/wp\/v2\/pages\/10735"}],"collection":[{"href":"https:\/\/excelcargo.gr\/tr\/wp-json\/wp\/v2\/pages"}],"about":[{"href":"https:\/\/excelcargo.gr\/tr\/wp-json\/wp\/v2\/types\/page"}],"author":[{"embeddable":true,"href":"https:\/\/excelcargo.gr\/tr\/wp-json\/wp\/v2\/users\/1"}],"replies":[{"embeddable":true,"href":"https:\/\/excelcargo.gr\/tr\/wp-json\/wp\/v2\/comments?post=10735"}],"version-history":[{"count":5,"href":"https:\/\/excelcargo.gr\/tr\/wp-json\/wp\/v2\/pages\/10735\/revisions"}],"predecessor-version":[{"id":10744,"href":"https:\/\/excelcargo.gr\/tr\/wp-json\/wp\/v2\/pages\/10735\/revisions\/10744"}],"wp:attachment":[{"href":"https:\/\/excelcargo.gr\/tr\/wp-json\/wp\/v2\/media?parent=10735"}],"curies":[{"name":"wp","href":"https:\/\/api.w.org\/{rel}","templated":true}]}}